{"id":6,"date":"2024-01-16T21:04:38","date_gmt":"2024-01-16T20:04:38","guid":{"rendered":"https:\/\/bodajk.sensomedia.hu\/wpbc-booking\/"},"modified":"2025-03-19T14:30:17","modified_gmt":"2025-03-19T13:30:17","slug":"wpbc-booking","status":"publish","type":"page","link":"https:\/\/kincsestaj.hu\/foglalas\/","title":{"rendered":""},"content":{"rendered":"\n<div class=\"wp-block-buttons is-content-justification-center is-layout-flex wp-container-core-buttons-is-layout-a89b3969 wp-block-buttons-is-layout-flex\">\n<div class=\"wp-block-button is-style-outline is-style-outline--1\"><a class=\"wp-block-button__link wp-element-button\" href=\"https:\/\/kincsestaj.hu\/\" rel=\"https:\/\/kincsestaj.hu\/\">Visszat\u00e9r\u00e9s a Kincsest\u00e1j weboldalra<\/a><\/div>\n<\/div>\n\n\n\n<figure class=\"wp-block-image size-full\"><img loading=\"lazy\" decoding=\"async\" width=\"648\" height=\"486\" src=\"https:\/\/kincsestaj.hu\/foglalas\/wp-content\/uploads\/2025\/03\/1.jpg\" alt=\"\" class=\"wp-image-50\" srcset=\"https:\/\/kincsestaj.hu\/foglalas\/wp-content\/uploads\/2025\/03\/1.jpg 648w, https:\/\/kincsestaj.hu\/foglalas\/wp-content\/uploads\/2025\/03\/1-300x225.jpg 300w\" sizes=\"auto, (max-width: 648px) 100vw, 648px\" \/><\/figure>\n\n\n\n<p class=\"has-text-align-center\"><strong>Rejt\u00e9ly a Ny\u00e9ki Expresszen<\/strong><\/p>\n\n\n\n<p>Az orsz\u00e1gban egyed\u00fcl\u00e1ll\u00f3 ez a szabadul\u00f3szoba, amely a Hal\u00e1sz-kast\u00e9ly var\u00e1zslatos \u00e9s romantikus parkj\u00e1ban egy nyitott \u00e1llom\u00e1son kialak\u00edtott s\u00ednp\u00e1ron v\u00e1rja a m\u0171kincs keres\u00e9sre v\u00e1llalkoz\u00f3 j\u00e1t\u00e9kosokat.<\/p>\n\n\n\n<p>A vonat vagonj\u00e1ban kialak\u00edtott Szabadul\u00f3szoba egy sz\u00e1zad eleji diz\u00e1jn-t kapott, \u00edgy visszarep\u00edti a j\u00e1t\u00e9kosokat abba a korba, amikor m\u00e9g l\u00f3h\u00e1ton lehetett k\u00f6zlekedni, \u00e9s korh\u0171 ruh\u00e1kban lehetett b\u00e1lozni.<\/p>\n\n\n\n<p>A sz\u00e9ps\u00e9g itt \u00f6tv\u00f6z\u0151dik a modern megold\u00e1sokkal. A j\u00e1t\u00e9kok v\u00e1ltozatosak, a t\u00f6rt\u00e9net \u00e9s a megold\u00e1sok egy logika ment\u00e9n a megold\u00e1s ir\u00e1ny\u00e1ba viszik az id\u0151utaz\u00f3t aki a csukott ajt\u00f3k m\u00f6g\u00f6tt rejt\u0151z\u0151 b\u0171nt\u00e9ny felg\u00f6ngy\u00f6l\u00edt\u00e9s\u00e9n dolgozik.<\/p>\n\n\n\n<p>Id\u0151pontot itt foglalhat:<\/p>\n\n\n\n<div class=\"wp-block-booking-booking\"> <div id=\"form_id1507279939632\"  class=\"wpbc_container wpbc_container_booking_form  wpdevelop \" ><form  id=\"booking_form1\"   class=\"booking_form vertical\" method=\"post\" action=\"\"><div id=\"ajax_respond_insert1\" class=\"ajax_respond_insert\" style=\"display:none;\"><\/div><a name=\"bklnk1\" id=\"bklnk1\"><\/a><div id=\"booking_form_div1\" class=\"booking_form_div\"><div class=\"wpbc_booking_form_structure wpbc_form_center\">\n  <div class=\"wpbc_structure_calendar\">\n    <div class=\"wpbc_calendar_wraper wpbc_change_over_triangle\"><div class=\"bk_calendar_frame wpbc_no_custom_width  months_num_in_row_ cal_month_num_1\" style=\"\"><div id=\"calendar_booking1\">Napt\u00e1r bet\u00f6lt\u00e9se...<\/div><\/div><textarea id=\"date_booking1\" name=\"date_booking1\" autocomplete=\"off\" style=\"display:none;\"><\/textarea><div class=\"block_hints datepick \"><div class=\"wpdev_hint_with_text\"><div class=\"block_free datepick-days-cell\"><a>&nbsp;<\/a><\/div><div class=\"block_text\">- <\/div><div class=\"block_text\">El\u00e9rhet\u0151<\/div><\/div><div class=\"wpdev_hint_with_text\"><div class=\"block_booked date_approved\">&nbsp;<\/div><div class=\"block_text\">- <\/div><div class=\"block_text\">Lefoglalva<\/div><\/div><div class=\"wpdev_hint_with_text\"><div class=\"block_pending date2approve\">&nbsp;<\/div><div class=\"block_text\">- <\/div><div class=\"block_text\">F\u00fcgg\u0151<\/div><\/div><\/div><\/div>\n  <\/div>\n  <div class=\"wpbc_structure_form\">\n  <div class=\"form-group wpbc-form-element-select wpbc-form-element-rangetime\">  <label for=\"rangetime1\" class=\"control-label\">Id\u0151pont*:<\/label>   <div class=\"controls\">   <select name=\"rangetime1\" id=\"rangetime1\" class=\"input-xlarge wpdev-validates-as-required\" >  <option value=\"10:00 - 12:00\" >10:00 - 12:00<\/option>  <option value=\"12:00 - 14:00\" >12:00 - 14:00<\/option>  <option value=\"14:00 - 16:00\" >14:00 - 16:00<\/option>  <option value=\"16:00 - 18:00\" >16:00 - 18:00<\/option>     <\/select><\/div><\/div>  <div class=\"form-group wpbc-form-element-text wpbc-form-element-name\">  <label for=\"name1\" class=\"control-label\">Vezet\u00e9kn\u00e9v*:<\/label>   <div class=\"controls\">   <input type=\"text\" name=\"name1\" id=\"name1\" class=\"input-xlarge wpdev-validates-as-required\" \/><\/div><\/div>  <div class=\"form-group wpbc-form-element-text wpbc-form-element-secondname\">  <label for=\"secondname1\" class=\"control-label\">Keresztn\u00e9v*:<\/label>   <div class=\"controls\">   <input type=\"text\" name=\"secondname1\" id=\"secondname1\" class=\"input-xlarge wpdev-validates-as-required\" \/><\/div><\/div>  <div class=\"form-group wpbc-form-element-email wpbc-form-element-email\">  <label for=\"email1\" class=\"control-label\">Email*:<\/label>   <div class=\"controls\">   <input type=\"text\" name=\"email1\" id=\"email1\" class=\"input-xlarge wpdev-validates-as-email wpdev-validates-as-required wpdev-validates-as-required\" \/><\/div><\/div>  <div class=\"form-group wpbc-form-element-select wpbc-form-element-visitors\">  <label for=\"visitors1\" class=\"control-label\">R\u00e9szvev\u0151k sz\u00e1ma*:<\/label>   <div class=\"controls\">   <select name=\"visitors1\" id=\"visitors1\" class=\"input-xlarge wpdev-validates-as-required\" >  <option value=\"2\" >2<\/option>  <option value=\"3\" >3<\/option>  <option value=\"4\" >4<\/option>  <option value=\"5\" >5<\/option>  <option value=\"6\" >6<\/option>     <\/select><\/div><\/div>  <div class=\"form-group wpbc-form-element-text wpbc-form-element-phone\">  <label for=\"phone1\" class=\"control-label\">Telefonsz\u00e1m*:<\/label>   <div class=\"controls\">   <input type=\"text\" name=\"phone1\" id=\"phone1\" class=\"input-xlarge wpdev-validates-as-required\" \/><\/div><\/div>  <div class=\"form-group wpbc-form-element-textarea wpbc-form-element-details\">  <label for=\"details1\" class=\"control-label\">Megjegyz\u00e9s:<\/label>   <div class=\"controls\">   <textarea  rows=\"3\" name=\"details1\" id=\"details1\" class=\"input-xlarge\" ><\/textarea><\/div><\/div><div class=\"form-group\"><span class=\"wpbc_text_captcha_container\"><input  autocomplete=\"off\" type=\"hidden\" name=\"wpdev_captcha_challenge_1\"  id=\"wpdev_captcha_challenge_1\" value=\"1514531796\" \/><input  autocomplete=\"off\" type=\"text\" class=\"captachinput\" value=\"\" name=\"captcha_input1\" id=\"captcha_input1\" \/><img decoding=\"async\" class=\"captcha_img\"  id=\"captcha_img1\" alt=\"captcha\" src=\"https:\/\/kincsestaj.hu\/foglalas\/wp-content\/plugins\/booking\/js\/captcha\/tmp\/1514531796.png\" \/><\/span><\/div>\n<div class=\"form-group\"><button class=\"wpbc_button_light\" type=\"button\" onclick=\"mybooking_submit(this.form,1,'hu_HU');\" >K\u00fcld\u00e9s<\/button><\/div>\n  <\/div>\n<\/div>\n<div class=\"wpbc_booking_form_footer\"><\/div><input id=\"bk_type1\" name=\"bk_type1\" class=\"\" type=\"hidden\" value=\"1\" \/><\/div><div id=\"submiting1\"><\/div><div class=\"form_bk_messages\" id=\"form_bk_messages1\" ><\/div><input type=\"hidden\" id=\"wpbc_nonceCALCULATE_THE_COST1\" name=\"wpbc_nonceCALCULATE_THE_COST1\" value=\"374efe30ba\" \/><input type=\"hidden\" name=\"_wp_http_referer\" value=\"\/foglalas\/wp-json\/wp\/v2\/pages\/6\" \/><\/form><\/div><div id=\"booking_form_garbage1\" class=\"booking_form_garbage\"><\/div><script type=\"text\/javascript\">\n                                jQuery(document).ready( function(){\n                                    jQuery(\".widget_wpdev_booking .booking_form.form-horizontal\").removeClass(\"form-horizontal\");\n                                    var visible_booking_id_on_page_num = visible_booking_id_on_page.length;\n                                    if (visible_booking_id_on_page_num !== null ) {\n                                        for (var i=0;i< visible_booking_id_on_page_num ;i++){\n                                          if ( visible_booking_id_on_page[i]==\"booking_form_div1\" ) {\n                                              document.getElementById(\"form_id1507279939632\").innerHTML = \"<span style='color:#A00;font-size:10px;'>Figyelem! A foglal\u00e1si er\u0151forr\u00e1s foglal\u00e1si napt\u00e1ra m\u00e1r megtal\u00e1lhat\u00f3 az oldalon. T\u00f6bbet err\u0151l itt : https:\/\/wpbookingcalendar.com\/faq\/why-the-booking-calendar-widget-not-show-on-page\/ olvashat<\/span>\";                                                                                                  \n                                              jQuery(\"#form_id1507279939632\").animate( {opacity: 1}, 10000 ).fadeOut(5000);\n                                              return;\n                                          }\n                                        }\n                                        visible_booking_id_on_page[ visible_booking_id_on_page_num ]=\"booking_form_div1\";\n                                    }\n                                });\n                            <\/script> <script type='text\/javascript'> jQuery(document).ready( function(){  _wpbc.balancer__set_max_threads( 3 );  _wpbc.calendar__set_param_value( 1 , 'calendar_scroll_to' , false );  _wpbc.calendar__set_param_value( 1 , 'booking_max_monthes_in_calendar' , '1y' );  _wpbc.calendar__set_param_value( 1 , 'booking_start_day_weeek' , '1' );  _wpbc.calendar__set_param_value( 1 , 'calendar_number_of_months' , '1' );   _wpbc.calendar__set_param_value( 1, 'days_select_mode', 'single' );   _wpbc.calendar__set_param_value( 1, 'fixed__days_num', 0 );   _wpbc.calendar__set_param_value( 1, 'fixed__week_days__start',   [] );   _wpbc.calendar__set_param_value( 1, 'dynamic__days_min', 0 );   _wpbc.calendar__set_param_value( 1, 'dynamic__days_max', 0 );   _wpbc.calendar__set_param_value( 1, 'dynamic__days_specific',    [] );   _wpbc.calendar__set_param_value( 1, 'dynamic__week_days__start', [] );   _wpbc.calendar__set_param_value( 1, 'booking_date_format', 'Y\/m\/d' );   _wpbc.calendar__set_param_value( 1, 'booking_time_format', 'H:i' );  _wpbc.set_other_param( 'message_dates_times_unavailable', 'Ezek a d\u00e1tumok \u00e9s id\u0151pontok ebben a napt\u00e1rban m\u00e1r foglaltak vagy nem \u00e9rhet\u0151ek el.' );  _wpbc.set_other_param( 'message_choose_alternative_dates', 'K\u00e9rj\u00fck, v\u00e1lasszon m\u00e1s d\u00e1tum(ok)at, id\u0151pontokat, vagy m\u00f3dos\u00edtsa a lefoglalt id\u0151pontok sz\u00e1m\u00e1t.' );  _wpbc.set_other_param( 'message_cannot_save_in_one_resource', 'Nem lehet a d\u00e1tumoknak ezt a sorrendj\u00e9t azonos er\u0151forr\u00e1sban t\u00e1rolni.' );   if ( 'function' === typeof ( wpbc__conditions__SAVE_INITIAL__days_selection_params__bm ) ){ wpbc__conditions__SAVE_INITIAL__days_selection_params__bm( 1 ); }   wpbc_calendar_show( '1' );   _wpbc.set_secure_param( 'nonce',   '96320221ed' );   _wpbc.set_secure_param( 'user_id', '0' );   _wpbc.set_secure_param( 'locale',  'hu_HU' );  wpbc_calendar__load_data__ajx( {\"resource_id\":1,\"booking_hash\":\"\",\"request_uri\":\"\\\/foglalas\\\/wp-json\\\/wp\\\/v2\\\/pages\\\/6\",\"custom_form\":\"standard\",\"aggregate_resource_id_str\":\"\",\"aggregate_type\":\"all\"} );  } ); <\/script><\/div>\n\n\n\n<p><\/p>\n","protected":false},"excerpt":{"rendered":"<p>Rejt\u00e9ly a Ny\u00e9ki Expresszen Az orsz\u00e1gban egyed\u00fcl\u00e1ll\u00f3 ez a szabadul\u00f3szoba, amely a Hal\u00e1sz-kast\u00e9ly var\u00e1zslatos \u00e9s romantikus parkj\u00e1ban egy nyitott \u00e1llom\u00e1son kialak\u00edtott s\u00ednp\u00e1ron v\u00e1rja a m\u0171kincs keres\u00e9sre v\u00e1llalkoz\u00f3 j\u00e1t\u00e9kosokat. A vonat vagonj\u00e1ban kialak\u00edtott Szabadul\u00f3szoba egy sz\u00e1zad eleji diz\u00e1jn-t kapott, \u00edgy visszarep\u00edti a j\u00e1t\u00e9kosokat abba a korba, amikor m\u00e9g l\u00f3h\u00e1ton lehetett k\u00f6zlekedni, \u00e9s korh\u0171 ruh\u00e1kban lehetett b\u00e1lozni. [&hellip;]<\/p>\n","protected":false},"author":1,"featured_media":0,"parent":0,"menu_order":0,"comment_status":"closed","ping_status":"closed","template":"","meta":{"footnotes":""},"class_list":["post-6","page","type-page","status-publish","hentry"],"_links":{"self":[{"href":"https:\/\/kincsestaj.hu\/foglalas\/wp-json\/wp\/v2\/pages\/6","targetHints":{"allow":["GET"]}}],"collection":[{"href":"https:\/\/kincsestaj.hu\/foglalas\/wp-json\/wp\/v2\/pages"}],"about":[{"href":"https:\/\/kincsestaj.hu\/foglalas\/wp-json\/wp\/v2\/types\/page"}],"author":[{"embeddable":true,"href":"https:\/\/kincsestaj.hu\/foglalas\/wp-json\/wp\/v2\/users\/1"}],"replies":[{"embeddable":true,"href":"https:\/\/kincsestaj.hu\/foglalas\/wp-json\/wp\/v2\/comments?post=6"}],"version-history":[{"count":8,"href":"https:\/\/kincsestaj.hu\/foglalas\/wp-json\/wp\/v2\/pages\/6\/revisions"}],"predecessor-version":[{"id":52,"href":"https:\/\/kincsestaj.hu\/foglalas\/wp-json\/wp\/v2\/pages\/6\/revisions\/52"}],"wp:attachment":[{"href":"https:\/\/kincsestaj.hu\/foglalas\/wp-json\/wp\/v2\/media?parent=6"}],"curies":[{"name":"wp","href":"https:\/\/api.w.org\/{rel}","templated":true}]}}